{"id":84,"date":"2025-09-24T18:19:15","date_gmt":"2025-09-24T18:19:15","guid":{"rendered":"https:\/\/proto-nlab.com\/?page_id=84"},"modified":"2025-09-24T18:59:44","modified_gmt":"2025-09-24T18:59:44","slug":"portfolio","status":"publish","type":"page","link":"https:\/\/proto-nlab.com\/index.php\/portfolio\/","title":{"rendered":"Portfolio"},"content":{"rendered":"\n<div class=\"wp-block-group has-global-padding is-content-justification-left is-layout-constrained wp-container-core-group-is-layout-12dd3699 wp-block-group-is-layout-constrained\">\n<figure class=\"wp-block-gallery has-nested-images columns-default is-cropped wp-block-gallery-1 is-layout-flex wp-block-gallery-is-layout-flex\">\n<figure class=\"wp-block-image size-large\"><img loading=\"lazy\" decoding=\"async\" width=\"1024\" height=\"767\" data-id=\"19\" src=\"https:\/\/proto-nlab.com\/wp-content\/uploads\/2025\/08\/20.11.2004-098-1-1024x767.jpg\" alt=\"\" class=\"wp-image-19\" srcset=\"https:\/\/proto-nlab.com\/wp-content\/uploads\/2025\/08\/20.11.2004-098-1-1024x767.jpg 1024w, https:\/\/proto-nlab.com\/wp-content\/uploads\/2025\/08\/20.11.2004-098-1-300x225.jpg 300w, https:\/\/proto-nlab.com\/wp-content\/uploads\/2025\/08\/20.11.2004-098-1-768x575.jpg 768w, https:\/\/proto-nlab.com\/wp-content\/uploads\/2025\/08\/20.11.2004-098-1-1536x1150.jpg 1536w, https:\/\/proto-nlab.com\/wp-content\/uploads\/2025\/08\/20.11.2004-098-1-2048x1534.jpg 2048w\" sizes=\"auto, (max-width: 1024px) 100vw, 1024px\" \/><\/figure>\n\n\n\n<figure class=\"wp-block-image size-large\"><img loading=\"lazy\" decoding=\"async\" width=\"1288\" height=\"1288\" data-id=\"96\" src=\"https:\/\/proto-nlab.com\/wp-content\/uploads\/2025\/09\/Test-200kW-edited-3.jpg\" alt=\"\" class=\"wp-image-96\" srcset=\"https:\/\/proto-nlab.com\/wp-content\/uploads\/2025\/09\/Test-200kW-edited-3.jpg 1288w, https:\/\/proto-nlab.com\/wp-content\/uploads\/2025\/09\/Test-200kW-edited-3-300x300.jpg 300w, https:\/\/proto-nlab.com\/wp-content\/uploads\/2025\/09\/Test-200kW-edited-3-1024x1024.jpg 1024w, https:\/\/proto-nlab.com\/wp-content\/uploads\/2025\/09\/Test-200kW-edited-3-150x150.jpg 150w, https:\/\/proto-nlab.com\/wp-content\/uploads\/2025\/09\/Test-200kW-edited-3-768x768.jpg 768w\" sizes=\"auto, (max-width: 1288px) 100vw, 1288px\" \/><\/figure>\n<\/figure>\n<\/div>\n\n\n\n<details class=\"wp-block-details is-layout-flow wp-block-details-is-layout-flow\"><summary>Projekty<\/summary>\n<ul class=\"wp-block-list\">\n<li class=\"has-medium-font-size\">CFO Bombardier<\/li>\n<\/ul>\n\n\n\n<ul class=\"wp-block-list\">\n<li class=\"has-medium-font-size\">User-Chi<\/li>\n<\/ul>\n\n\n\n<ul class=\"wp-block-list\">\n<li class=\"has-medium-font-size\">ASPIRE\/CFX<\/li>\n<\/ul>\n<\/details>\n\n\n\n<details class=\"wp-block-details is-layout-flow wp-block-details-is-layout-flow\"><summary>Urz\u0105dzenia<\/summary>\n<ul class=\"wp-block-list\">\n<li class=\"has-medium-font-size\">Zasilacz 230 Vac -&gt; 560 Vdc \/ 500 W<\/li>\n<\/ul>\n\n\n\n<ul class=\"wp-block-list\">\n<li class=\"has-medium-font-size\">Separator EMC zasilania i sygna\u0142\u00f3w steruj\u0105cych<\/li>\n<\/ul>\n<\/details>\n\n\n\n<details class=\"wp-block-details is-layout-flow wp-block-details-is-layout-flow\"><summary>Podzespo\u0142y<\/summary>\n<ul class=\"wp-block-list\">\n<li class=\"has-medium-font-size\">Transformator 20 kHz \/ 11 kW<\/li>\n<\/ul>\n\n\n\n<ul class=\"wp-block-list\">\n<li class=\"has-medium-font-size\">D\u0142awik 4 uH \/ 20 kHz \/ 200 A<\/li>\n<\/ul>\n<\/details>\n\n\n\n<details class=\"wp-block-details is-layout-flow wp-block-details-is-layout-flow\"><summary>Badania<\/summary>\n<ul class=\"wp-block-list\">\n<li class=\"has-medium-font-size\">Sprawno\u015b\u0107 falownika nap\u0119dowego<\/li>\n<\/ul>\n\n\n\n<ul class=\"wp-block-list\">\n<li class=\"has-medium-font-size\">Uzwojenie transformatora powietrznego z minimalnym EMF<\/li>\n<\/ul>\n<\/details>\n","protected":false},"excerpt":{"rendered":"","protected":false},"author":1,"featured_media":0,"parent":0,"menu_order":0,"comment_status":"closed","ping_status":"closed","template":"","meta":{"footnotes":""},"class_list":["post-84","page","type-page","status-publish","hentry"],"_links":{"self":[{"href":"https:\/\/proto-nlab.com\/index.php\/wp-json\/wp\/v2\/pages\/84","targetHints":{"allow":["GET"]}}],"collection":[{"href":"https:\/\/proto-nlab.com\/index.php\/wp-json\/wp\/v2\/pages"}],"about":[{"href":"https:\/\/proto-nlab.com\/index.php\/wp-json\/wp\/v2\/types\/page"}],"author":[{"embeddable":true,"href":"https:\/\/proto-nlab.com\/index.php\/wp-json\/wp\/v2\/users\/1"}],"replies":[{"embeddable":true,"href":"https:\/\/proto-nlab.com\/index.php\/wp-json\/wp\/v2\/comments?post=84"}],"version-history":[{"count":11,"href":"https:\/\/proto-nlab.com\/index.php\/wp-json\/wp\/v2\/pages\/84\/revisions"}],"predecessor-version":[{"id":102,"href":"https:\/\/proto-nlab.com\/index.php\/wp-json\/wp\/v2\/pages\/84\/revisions\/102"}],"wp:attachment":[{"href":"https:\/\/proto-nlab.com\/index.php\/wp-json\/wp\/v2\/media?parent=84"}],"curies":[{"name":"wp","href":"https:\/\/api.w.org\/{rel}","templated":true}]}}