{"id":18,"date":"2025-08-27T11:03:07","date_gmt":"2025-08-27T11:03:07","guid":{"rendered":"https:\/\/proto-nlab.com\/?page_id=18"},"modified":"2025-09-24T17:05:41","modified_gmt":"2025-09-24T17:05:41","slug":"proton-lab","status":"publish","type":"page","link":"https:\/\/proto-nlab.com\/index.php\/proton-lab\/","title":{"rendered":"O nas"},"content":{"rendered":"\n<div class=\"wp-block-group alignfull is-style-section-1 has-global-padding is-content-justification-right is-layout-constrained wp-container-core-group-is-layout-bf0a4833 wp-block-group-is-layout-constrained is-style-section-1--1\" style=\"margin-top:0;margin-bottom:0;padding-top:var(--wp--preset--spacing--80);padding-bottom:var(--wp--preset--spacing--80)\">\n<p class=\"has-text-align-left\">Nazwa <strong>Proto&#8217;N LAB<\/strong> to skr\u00f3t i synonim od &#8222;laboratorium i prototypowanie&#8221;. Zajmujemy si\u0119 projektowaniem, badaniami i realizacj\u0105 system\u00f3w technicznych (podzespo\u0142\u00f3w, urz\u0105dze\u0144 i instalacji) \u0142\u0105cz\u0105cych w sobie takie dziedziny jak elektronika, energoelekronika, pola magnetyczne i elektryczne oraz mechanika i chemia. Szczeg\u00f3lnym zakresem dzia\u0142alno\u015bci s\u0105 przemys\u0142owe i komercyjne systemy przekszta\u0142cania energii elektrycznej oraz jej bezstykowe przekazywanie na ma\u0142e i du\u017ce odleg\u0142o\u015bci.<\/p>\n\n\n\n<div class=\"wp-block-columns alignwide is-layout-flex wp-container-core-columns-is-layout-66fad18a wp-block-columns-is-layout-flex\">\n<div class=\"wp-block-column is-layout-flow wp-block-column-is-layout-flow\" style=\"padding-right:var(--wp--preset--spacing--50);flex-basis:45%\">\n<figure class=\"wp-block-image size-full\"><img loading=\"lazy\" decoding=\"async\" width=\"2560\" height=\"1917\" src=\"https:\/\/proto-nlab.com\/wp-content\/uploads\/2025\/08\/20.11.2004-098-1-scaled.jpg\" alt=\"\" class=\"wp-image-19\" srcset=\"https:\/\/proto-nlab.com\/wp-content\/uploads\/2025\/08\/20.11.2004-098-1-scaled.jpg 2560w, https:\/\/proto-nlab.com\/wp-content\/uploads\/2025\/08\/20.11.2004-098-1-300x225.jpg 300w, https:\/\/proto-nlab.com\/wp-content\/uploads\/2025\/08\/20.11.2004-098-1-1024x767.jpg 1024w, https:\/\/proto-nlab.com\/wp-content\/uploads\/2025\/08\/20.11.2004-098-1-768x575.jpg 768w, https:\/\/proto-nlab.com\/wp-content\/uploads\/2025\/08\/20.11.2004-098-1-1536x1150.jpg 1536w, https:\/\/proto-nlab.com\/wp-content\/uploads\/2025\/08\/20.11.2004-098-1-2048x1534.jpg 2048w\" sizes=\"auto, (max-width: 2560px) 100vw, 2560px\" \/><\/figure>\n\n\n\n<div class=\"wp-block-group has-global-padding is-layout-constrained wp-block-group-is-layout-constrained\" style=\"margin-top:-12vw\">\n<figure class=\"wp-block-image alignright size-full is-resized\" style=\"margin-right:-5vw;margin-left:-5vw\"><img loading=\"lazy\" decoding=\"async\" width=\"2560\" height=\"1917\" src=\"https:\/\/proto-nlab.com\/wp-content\/uploads\/2025\/08\/20.11.2004-232-scaled.jpg\" alt=\"\" class=\"wp-image-20\" style=\"width:339px;height:auto\" srcset=\"https:\/\/proto-nlab.com\/wp-content\/uploads\/2025\/08\/20.11.2004-232-scaled.jpg 2560w, https:\/\/proto-nlab.com\/wp-content\/uploads\/2025\/08\/20.11.2004-232-300x225.jpg 300w, https:\/\/proto-nlab.com\/wp-content\/uploads\/2025\/08\/20.11.2004-232-1024x767.jpg 1024w, https:\/\/proto-nlab.com\/wp-content\/uploads\/2025\/08\/20.11.2004-232-768x575.jpg 768w, https:\/\/proto-nlab.com\/wp-content\/uploads\/2025\/08\/20.11.2004-232-1536x1150.jpg 1536w, https:\/\/proto-nlab.com\/wp-content\/uploads\/2025\/08\/20.11.2004-232-2048x1534.jpg 2048w\" sizes=\"auto, (max-width: 2560px) 100vw, 2560px\" \/><\/figure>\n<\/div>\n<\/div>\n<\/div>\n<\/div>\n\n\n\n<div class=\"wp-block-group alignfull has-global-padding is-layout-constrained wp-container-core-group-is-layout-ebee8dc1 wp-block-group-is-layout-constrained\" style=\"margin-top:0;margin-bottom:0;padding-top:var(--wp--preset--spacing--50);padding-bottom:var(--wp--preset--spacing--50)\">\n<h2 class=\"wp-block-heading alignwide\">Nasze us\u0142ugi<\/h2>\n\n\n\n<div class=\"wp-block-columns alignwide is-layout-flex wp-container-core-columns-is-layout-28f84493 wp-block-columns-is-layout-flex\">\n<div class=\"wp-block-column is-layout-flow wp-block-column-is-layout-flow\">\n<h3 class=\"wp-block-heading\">Badania i pomiary<\/h3>\n\n\n\n<figure class=\"wp-block-image size-large\"><img loading=\"lazy\" decoding=\"async\" width=\"1024\" height=\"768\" src=\"https:\/\/proto-nlab.com\/wp-content\/uploads\/2025\/08\/Badania-i-pomiary-1024x768.jpg\" alt=\"\" class=\"wp-image-24\" srcset=\"https:\/\/proto-nlab.com\/wp-content\/uploads\/2025\/08\/Badania-i-pomiary-1024x768.jpg 1024w, https:\/\/proto-nlab.com\/wp-content\/uploads\/2025\/08\/Badania-i-pomiary-300x225.jpg 300w, https:\/\/proto-nlab.com\/wp-content\/uploads\/2025\/08\/Badania-i-pomiary-768x576.jpg 768w, https:\/\/proto-nlab.com\/wp-content\/uploads\/2025\/08\/Badania-i-pomiary-1536x1152.jpg 1536w, https:\/\/proto-nlab.com\/wp-content\/uploads\/2025\/08\/Badania-i-pomiary.jpg 2048w\" sizes=\"auto, (max-width: 1024px) 100vw, 1024px\" \/><\/figure>\n<\/div>\n\n\n\n<div class=\"wp-block-column is-layout-flow wp-block-column-is-layout-flow\">\n<h3 class=\"wp-block-heading\">Symulacje i projektowanie<\/h3>\n\n\n\n<figure class=\"wp-block-image size-large is-resized\"><img loading=\"lazy\" decoding=\"async\" width=\"1024\" height=\"879\" src=\"https:\/\/proto-nlab.com\/wp-content\/uploads\/2025\/08\/SIM-1024x879.jpg\" alt=\"\" class=\"wp-image-23\" style=\"width:361px;height:auto\" srcset=\"https:\/\/proto-nlab.com\/wp-content\/uploads\/2025\/08\/SIM-1024x879.jpg 1024w, https:\/\/proto-nlab.com\/wp-content\/uploads\/2025\/08\/SIM-300x258.jpg 300w, https:\/\/proto-nlab.com\/wp-content\/uploads\/2025\/08\/SIM-768x660.jpg 768w, https:\/\/proto-nlab.com\/wp-content\/uploads\/2025\/08\/SIM.jpg 1332w\" sizes=\"auto, (max-width: 1024px) 100vw, 1024px\" \/><\/figure>\n<\/div>\n\n\n\n<div class=\"wp-block-column is-layout-flow wp-block-column-is-layout-flow\">\n<h3 class=\"wp-block-heading\">Budowa i kwalifikacja prototyp\u00f3w<\/h3>\n\n\n\n<figure class=\"wp-block-image size-large\"><img loading=\"lazy\" decoding=\"async\" width=\"1024\" height=\"767\" src=\"https:\/\/proto-nlab.com\/wp-content\/uploads\/2025\/08\/Bild-023-1-1024x767.jpg\" alt=\"\" class=\"wp-image-27\" srcset=\"https:\/\/proto-nlab.com\/wp-content\/uploads\/2025\/08\/Bild-023-1-1024x767.jpg 1024w, https:\/\/proto-nlab.com\/wp-content\/uploads\/2025\/08\/Bild-023-1-300x225.jpg 300w, https:\/\/proto-nlab.com\/wp-content\/uploads\/2025\/08\/Bild-023-1-768x575.jpg 768w, https:\/\/proto-nlab.com\/wp-content\/uploads\/2025\/08\/Bild-023-1-1536x1150.jpg 1536w, https:\/\/proto-nlab.com\/wp-content\/uploads\/2025\/08\/Bild-023-1-2048x1534.jpg 2048w\" sizes=\"auto, (max-width: 1024px) 100vw, 1024px\" \/><\/figure>\n<\/div>\n<\/div>\n<\/div>\n\n\n\n<div class=\"wp-block-group alignfull has-global-padding is-layout-constrained wp-block-group-is-layout-constrained\" style=\"margin-top:0;margin-bottom:0;padding-top:var(--wp--preset--spacing--60);padding-bottom:var(--wp--preset--spacing--60)\">\n<div class=\"wp-block-columns alignwide is-layout-flex wp-container-core-columns-is-layout-74b2cda3 wp-block-columns-is-layout-flex\">\n<div class=\"wp-block-column is-layout-flow wp-block-column-is-layout-flow\"><\/div>\n\n\n\n<div class=\"wp-block-column is-layout-flow wp-block-column-is-layout-flow\" style=\"padding-top:0;padding-right:0;padding-bottom:0;padding-left:0\"><\/div>\n<\/div>\n<\/div>\n\n\n\n<p><\/p>\n","protected":false},"excerpt":{"rendered":"<p>Nazwa Proto&#8217;N LAB to skr\u00f3t i synonim od &#8222;laboratorium i prototypowanie&#8221;. Zajmujemy si\u0119 projektowaniem, badaniami i realizacj\u0105 system\u00f3w technicznych (podzespo\u0142\u00f3w, urz\u0105dze\u0144 i instalacji) \u0142\u0105cz\u0105cych w sobie takie dziedziny jak elektronika, energoelekronika, pola magnetyczne i elektryczne oraz mechanika i chemia. Szczeg\u00f3lnym zakresem dzia\u0142alno\u015bci s\u0105 przemys\u0142owe i komercyjne systemy przekszta\u0142cania energii elektrycznej oraz jej bezstykowe przekazywanie na [&hellip;]<\/p>\n","protected":false},"author":1,"featured_media":0,"parent":0,"menu_order":0,"comment_status":"closed","ping_status":"closed","template":"","meta":{"footnotes":""},"class_list":["post-18","page","type-page","status-publish","hentry"],"_links":{"self":[{"href":"https:\/\/proto-nlab.com\/index.php\/wp-json\/wp\/v2\/pages\/18","targetHints":{"allow":["GET"]}}],"collection":[{"href":"https:\/\/proto-nlab.com\/index.php\/wp-json\/wp\/v2\/pages"}],"about":[{"href":"https:\/\/proto-nlab.com\/index.php\/wp-json\/wp\/v2\/types\/page"}],"author":[{"embeddable":true,"href":"https:\/\/proto-nlab.com\/index.php\/wp-json\/wp\/v2\/users\/1"}],"replies":[{"embeddable":true,"href":"https:\/\/proto-nlab.com\/index.php\/wp-json\/wp\/v2\/comments?post=18"}],"version-history":[{"count":11,"href":"https:\/\/proto-nlab.com\/index.php\/wp-json\/wp\/v2\/pages\/18\/revisions"}],"predecessor-version":[{"id":78,"href":"https:\/\/proto-nlab.com\/index.php\/wp-json\/wp\/v2\/pages\/18\/revisions\/78"}],"wp:attachment":[{"href":"https:\/\/proto-nlab.com\/index.php\/wp-json\/wp\/v2\/media?parent=18"}],"curies":[{"name":"wp","href":"https:\/\/api.w.org\/{rel}","templated":true}]}}